{"id":78808,"date":"2022-06-15T12:26:07","date_gmt":"2022-06-15T10:26:07","guid":{"rendered":"https:\/\/oststern.ch\/company\/investorenanfragen\/"},"modified":"2023-11-01T11:53:50","modified_gmt":"2023-11-01T10:53:50","slug":"investor-inquiries","status":"publish","type":"page","link":"https:\/\/oststern.ch\/en\/company\/investor-inquiries\/","title":{"rendered":"Investor inquiries"},"content":{"rendered":"\t\t<div data-elementor-type=\"wp-page\" data-elementor-id=\"78808\" class=\"elementor elementor-78808 elementor-78130\">\n\t\t\t\t\t\t<section class=\"elementor-section elementor-top-section elementor-element elementor-element-bf363e6 elementor-section-height-min-height elementor-section-boxed elementor-section-height-default elementor-section-items-middle\" data-id=\"bf363e6\" data-element_type=\"section\" data-e-type=\"section\" data-settings=\"{&quot;background_background&quot;:&quot;video&quot;,&quot;background_video_link&quot;:&quot;https:\\\/\\\/oststern.ch\\\/wp-content\\\/uploads\\\/2022\\\/06\\\/investment.mp4&quot;,&quot;background_play_on_mobile&quot;:&quot;yes&quot;}\">\n\t\t\t\t\t\t\t\t<div class=\"elementor-background-video-container\">\n\t\t\t\t\t\t\t\t\t\t\t\t\t<video class=\"elementor-background-video-hosted\" role=\"presentation\" autoplay muted playsinline loop><\/video>\n\t\t\t\t\t\t\t\t\t\t\t<\/div>\n\t\t\t\t\t\t\t\t\t<div class=\"elementor-background-overlay\"><\/div>\n\t\t\t\t\t\t\t<div class=\"elementor-container elementor-column-gap-wider\">\n\t\t\t\t\t<div class=\"elementor-column elementor-col-100 elementor-top-column elementor-element elementor-element-d28bea6\" data-id=\"d28bea6\" data-element_type=\"column\" data-e-type=\"column\">\n\t\t\t<div class=\"elementor-widget-wrap elementor-element-populated\">\n\t\t\t\t\t\t<div class=\"elementor-element elementor-element-f85f512 elementor-widget__width-auto elementor-widget elementor-widget-heading\" data-id=\"f85f512\" data-element_type=\"widget\" data-e-type=\"widget\" data-widget_type=\"heading.default\">\n\t\t\t\t<div class=\"elementor-widget-container\">\n\t\t\t\t\t<h2 class=\"elementor-heading-title elementor-size-default\">Investment <\/h2>\t\t\t\t<\/div>\n\t\t\t\t<\/div>\n\t\t\t\t<div class=\"elementor-element elementor-element-3b9b2c2 elementor-widget elementor-widget-spacer\" data-id=\"3b9b2c2\" data-element_type=\"widget\" data-e-type=\"widget\" data-widget_type=\"spacer.default\">\n\t\t\t\t<div class=\"elementor-widget-container\">\n\t\t\t\t\t\t\t<div class=\"elementor-spacer\">\n\t\t\t<div class=\"elementor-spacer-inner\"><\/div>\n\t\t<\/div>\n\t\t\t\t\t\t<\/div>\n\t\t\t\t<\/div>\n\t\t\t\t<div class=\"elementor-element elementor-element-3f10b1f elementor-headline--style-highlight elementor-widget elementor-widget-animated-headline\" data-id=\"3f10b1f\" data-element_type=\"widget\" data-e-type=\"widget\" data-settings=\"{&quot;highlighted_text&quot;:&quot;wachsen&quot;,&quot;headline_style&quot;:&quot;highlight&quot;,&quot;marker&quot;:&quot;circle&quot;,&quot;loop&quot;:&quot;yes&quot;,&quot;highlight_animation_duration&quot;:1200,&quot;highlight_iteration_delay&quot;:8000}\" data-widget_type=\"animated-headline.default\">\n\t\t\t\t<div class=\"elementor-widget-container\">\n\t\t\t\t\t\t\t<h1 class=\"elementor-headline\">\n\t\t\t\t\t<span class=\"elementor-headline-plain-text elementor-headline-text-wrapper\">Investitionen, die Sie<\/span>\n\t\t\t\t<span class=\"elementor-headline-dynamic-wrapper elementor-headline-text-wrapper\">\n\t\t\t\t\t<span class=\"elementor-headline-dynamic-text elementor-headline-text-active\">wachsen<\/span>\n\t\t\t\t<\/span>\n\t\t\t\t\t<span class=\"elementor-headline-plain-text elementor-headline-text-wrapper\">lassen<\/span>\n\t\t\t\t\t<\/h1>\n\t\t\t\t\t\t<\/div>\n\t\t\t\t<\/div>\n\t\t\t\t\t<\/div>\n\t\t<\/div>\n\t\t\t\t\t<\/div>\n\t\t<\/section>\n\t\t\t\t<section class=\"elementor-section elementor-top-section elementor-element elementor-element-7b3e344 elementor-section-full_width elementor-section-height-min-height elementor-section-items-stretch elementor-section-content-middle elementor-reverse-tablet elementor-reverse-mobile elementor-section-height-default\" data-id=\"7b3e344\" data-element_type=\"section\" data-e-type=\"section\" data-settings=\"{&quot;background_background&quot;:&quot;classic&quot;}\">\n\t\t\t\t\t\t<div class=\"elementor-container elementor-column-gap-no\">\n\t\t\t\t\t<div class=\"elementor-column elementor-col-50 elementor-top-column elementor-element elementor-element-408e10b\" data-id=\"408e10b\" data-element_type=\"column\" data-e-type=\"column\">\n\t\t\t<div class=\"elementor-widget-wrap elementor-element-populated\">\n\t\t\t\t\t\t<section class=\"elementor-section elementor-inner-section elementor-element elementor-element-e26bf5b elementor-section-boxed elementor-section-height-default elementor-section-height-default\" data-id=\"e26bf5b\" data-element_type=\"section\" data-e-type=\"section\">\n\t\t\t\t\t\t<div class=\"elementor-container elementor-column-gap-wider\">\n\t\t\t\t\t<div class=\"elementor-column elementor-col-100 elementor-inner-column elementor-element elementor-element-95d1fe6\" data-id=\"95d1fe6\" data-element_type=\"column\" data-e-type=\"column\">\n\t\t\t<div class=\"elementor-widget-wrap elementor-element-populated\">\n\t\t\t\t\t\t<div class=\"elementor-element elementor-element-6109402 elementor-widget elementor-widget-text-editor\" data-id=\"6109402\" data-element_type=\"widget\" data-e-type=\"widget\" data-widget_type=\"text-editor.default\">\n\t\t\t\t<div class=\"elementor-widget-container\">\n\t\t\t\t\t\t\t\t\t<p><strong>Warum sollte man \u00fcberhaupt investieren?<\/strong><\/p><p>Die durchschnittliche Inflationsrate f\u00fcr Konsum in der Schweiz betrug im Jahr 2020 ungef\u00e4hr 0,7%. Das bedeutet, dass der Wert des Geldes jedes Jahr um durchschnittlich fast 0,7% abgenommen hat. Wer sein Geld nicht investiert, verliert deswegen jedes Jahr effektiv an Verm\u00f6gen.\u00a0<br \/>Wer nicht m\u00f6chte, dass sein Erspartes jedes Jahr an Wert verliert, muss es zu einer \u00fcber der Inflationsrate liegenden Rendite investieren. Die Verzinsung auf einem Girokonto liegt jedoch nur bei 0 bis 0,05% p.a. und selbst Festgeld wird derzeit lediglich mit durchschnittlich 0,37% p.a. verzinst.<br \/>Um bei der Rendite \u00fcber der Inflationsrate zu liegen, muss somit ein Teil des Verm\u00f6gens mit einer deutlich h\u00f6heren Rendite angelegt werden. Experten empfehlen daher 10% des Kapitals in Wagniskapital (Venture Capital) zu investieren. Wir bieten als Wachstumsunternehmen solche Wagniskapital-Investitionen an.<\/p>\t\t\t\t\t\t\t\t<\/div>\n\t\t\t\t<\/div>\n\t\t\t\t<div class=\"elementor-element elementor-element-1a8e1bd elementor-mobile-align-left elementor-widget elementor-widget-the7_button_widget\" data-id=\"1a8e1bd\" data-element_type=\"widget\" data-e-type=\"widget\" data-widget_type=\"the7_button_widget.default\">\n\t\t\t\t<div class=\"elementor-widget-container\">\n\t\t\t\t\t<div class=\"elementor-button-wrapper\"><a href=\"http:\/\/oststern.ch\/pages\/services-full-width\/\" class=\"box-button elementor-button elementor-size-md\">More about our services<i aria-hidden=\"true\" class=\"elementor-button-icon the7bootstrap- the7-bootstrap-arrow-right-short\"><\/i><\/a><\/div>\t\t\t\t<\/div>\n\t\t\t\t<\/div>\n\t\t\t\t\t<\/div>\n\t\t<\/div>\n\t\t\t\t\t<\/div>\n\t\t<\/section>\n\t\t\t\t\t<\/div>\n\t\t<\/div>\n\t\t\t\t<div class=\"elementor-column elementor-col-50 elementor-top-column elementor-element elementor-element-b6f3079\" data-id=\"b6f3079\" data-element_type=\"column\" data-e-type=\"column\" data-settings=\"{&quot;background_background&quot;:&quot;classic&quot;}\">\n\t\t\t<div class=\"elementor-widget-wrap elementor-element-populated\">\n\t\t\t\t\t\t<div class=\"elementor-element elementor-element-1124ce5 elementor-widget elementor-widget-spacer\" data-id=\"1124ce5\" data-element_type=\"widget\" data-e-type=\"widget\" data-widget_type=\"spacer.default\">\n\t\t\t\t<div class=\"elementor-widget-container\">\n\t\t\t\t\t\t\t<div class=\"elementor-spacer\">\n\t\t\t<div class=\"elementor-spacer-inner\"><\/div>\n\t\t<\/div>\n\t\t\t\t\t\t<\/div>\n\t\t\t\t<\/div>\n\t\t\t\t\t<\/div>\n\t\t<\/div>\n\t\t\t\t\t<\/div>\n\t\t<\/section>\n\t\t\t\t<section class=\"elementor-section elementor-top-section elementor-element elementor-element-ada7e0c elementor-section-full_width elementor-section-height-min-height elementor-section-items-stretch elementor-section-content-middle elementor-section-height-default\" data-id=\"ada7e0c\" data-element_type=\"section\" data-e-type=\"section\" data-settings=\"{&quot;background_background&quot;:&quot;classic&quot;}\">\n\t\t\t\t\t\t<div class=\"elementor-container elementor-column-gap-no\">\n\t\t\t\t\t<div class=\"elementor-column elementor-col-50 elementor-top-column elementor-element elementor-element-f7cde3e\" data-id=\"f7cde3e\" data-element_type=\"column\" data-e-type=\"column\">\n\t\t\t<div class=\"elementor-widget-wrap elementor-element-populated\">\n\t\t\t\t\t\t<div class=\"elementor-element elementor-element-5559850 elementor-widget elementor-widget-image\" data-id=\"5559850\" data-element_type=\"widget\" data-e-type=\"widget\" data-widget_type=\"image.default\">\n\t\t\t\t<div class=\"elementor-widget-container\">\n\t\t\t\t\t\t\t\t\t\t\t\t\t\t\t<img fetchpriority=\"high\" decoding=\"async\" width=\"1024\" height=\"1024\" src=\"https:\/\/oststern.ch\/wp-content\/uploads\/2022\/06\/innovation-food-1024x1024.jpg\" class=\"attachment-large size-large wp-image-78154\" alt=\"\" srcset=\"https:\/\/oststern.ch\/wp-content\/uploads\/2022\/06\/innovation-food-1024x1024.jpg 1024w, https:\/\/oststern.ch\/wp-content\/uploads\/2022\/06\/innovation-food-scaled-e1655291355103-300x300.jpg 300w, https:\/\/oststern.ch\/wp-content\/uploads\/2022\/06\/innovation-food-scaled-e1655291355103-150x150.jpg 150w, https:\/\/oststern.ch\/wp-content\/uploads\/2022\/06\/innovation-food-scaled-e1655291355103-768x768.jpg 768w, https:\/\/oststern.ch\/wp-content\/uploads\/2022\/06\/innovation-food-1536x1536.jpg 1536w, https:\/\/oststern.ch\/wp-content\/uploads\/2022\/06\/innovation-food-2048x2048.jpg 2048w, https:\/\/oststern.ch\/wp-content\/uploads\/2022\/06\/innovation-food-1200x1200.jpg 1200w, https:\/\/oststern.ch\/wp-content\/uploads\/2022\/06\/innovation-food-scaled-e1655291355103-200x200.jpg 200w, https:\/\/oststern.ch\/wp-content\/uploads\/2022\/06\/innovation-food-scaled-e1655291355103.jpg 800w\" sizes=\"(max-width: 1024px) 100vw, 1024px\" \/>\t\t\t\t\t\t\t\t\t\t\t\t\t\t\t<\/div>\n\t\t\t\t<\/div>\n\t\t\t\t\t<\/div>\n\t\t<\/div>\n\t\t\t\t<div class=\"elementor-column elementor-col-50 elementor-top-column elementor-element elementor-element-1fad6b0\" data-id=\"1fad6b0\" data-element_type=\"column\" data-e-type=\"column\">\n\t\t\t<div class=\"elementor-widget-wrap elementor-element-populated\">\n\t\t\t\t\t\t<section class=\"elementor-section elementor-inner-section elementor-element elementor-element-f135368 elementor-section-boxed elementor-section-height-default elementor-section-height-default\" data-id=\"f135368\" data-element_type=\"section\" data-e-type=\"section\">\n\t\t\t\t\t\t<div class=\"elementor-container elementor-column-gap-wider\">\n\t\t\t\t\t<div class=\"elementor-column elementor-col-100 elementor-inner-column elementor-element elementor-element-da3b546\" data-id=\"da3b546\" data-element_type=\"column\" data-e-type=\"column\">\n\t\t\t<div class=\"elementor-widget-wrap elementor-element-populated\">\n\t\t\t\t\t\t<div class=\"elementor-element elementor-element-7fe710a elementor-widget elementor-widget-text-editor\" data-id=\"7fe710a\" data-element_type=\"widget\" data-e-type=\"widget\" data-widget_type=\"text-editor.default\">\n\t\t\t\t<div class=\"elementor-widget-container\">\n\t\t\t\t\t\t\t\t\t<p><strong>Was ist das Besondere an Oststern-Investment?<\/strong><\/p><p>Das Besondere des Investments in das Oststern ist, dass wir ein Familienbetrieb sind, und wir uns in einer fr\u00fchen Phase befinden, in der der Grossteil unserer Unternehmenswertentwicklung noch bevorsteht. Da deswegen unser Unternehmenswert in den Anfangsjahren mit unsere innovative Projekte sehr stark ansteigen wird, bieten Investitionen in unser Unternehmen die Chance, bei einem wirtschaftlichen Erfolg den Investmentbetrag zu vervielfachen.<\/p><p>Neben der Renditechance zeichnet sich ein Investment in uns dadurch aus, dass die Investoren die M\u00f6glichkeit erhalten, unsere Gr\u00fcnderteams und Entrepreneure von Anfang an auf unserem avisierten und herausfordernden Weg vom jungen innovativen Unternehmen zum Innovationstreiber und Branchenf\u00fchrer zu begleiten.<\/p>\t\t\t\t\t\t\t\t<\/div>\n\t\t\t\t<\/div>\n\t\t\t\t<div class=\"elementor-element elementor-element-2bcae11 elementor-mobile-align-left elementor-widget elementor-widget-the7_button_widget\" data-id=\"2bcae11\" data-element_type=\"widget\" data-e-type=\"widget\" data-widget_type=\"the7_button_widget.default\">\n\t\t\t\t<div class=\"elementor-widget-container\">\n\t\t\t\t\t<div class=\"elementor-button-wrapper\"><a href=\"http:\/\/oststern.ch\/pages\/services-full-width\/\" class=\"box-button elementor-button elementor-size-md\">More about our services<i aria-hidden=\"true\" class=\"elementor-button-icon the7bootstrap- the7-bootstrap-arrow-right-short\"><\/i><\/a><\/div>\t\t\t\t<\/div>\n\t\t\t\t<\/div>\n\t\t\t\t\t<\/div>\n\t\t<\/div>\n\t\t\t\t\t<\/div>\n\t\t<\/section>\n\t\t\t\t\t<\/div>\n\t\t<\/div>\n\t\t\t\t\t<\/div>\n\t\t<\/section>\n\t\t\t\t<section class=\"elementor-section elementor-top-section elementor-element elementor-element-adef6a1 elementor-section-boxed elementor-section-height-default elementor-section-height-default\" data-id=\"adef6a1\" data-element_type=\"section\" data-e-type=\"section\">\n\t\t\t\t\t\t<div class=\"elementor-container elementor-column-gap-default\">\n\t\t\t\t\t<div class=\"elementor-column elementor-col-100 elementor-top-column elementor-element elementor-element-7a49377\" data-id=\"7a49377\" data-element_type=\"column\" data-e-type=\"column\">\n\t\t\t<div class=\"elementor-widget-wrap elementor-element-populated\">\n\t\t\t\t\t\t<div class=\"elementor-element elementor-element-72c0b42 elementor-widget elementor-widget-heading\" data-id=\"72c0b42\" data-element_type=\"widget\" data-e-type=\"widget\" data-widget_type=\"heading.default\">\n\t\t\t\t<div class=\"elementor-widget-container\">\n\t\t\t\t\t<h2 class=\"elementor-heading-title elementor-size-default\"><strong>Investiere jetzt mit in uns<\/strong><\/h2>\t\t\t\t<\/div>\n\t\t\t\t<\/div>\n\t\t\t\t<section class=\"elementor-section elementor-inner-section elementor-element elementor-element-23f27d4 elementor-section-full_width elementor-section-height-default elementor-section-height-default\" data-id=\"23f27d4\" data-element_type=\"section\" data-e-type=\"section\">\n\t\t\t\t\t\t<div class=\"elementor-container elementor-column-gap-wider\">\n\t\t\t\t\t<div class=\"elementor-column elementor-col-100 elementor-inner-column elementor-element elementor-element-a151c6f\" data-id=\"a151c6f\" data-element_type=\"column\" data-e-type=\"column\">\n\t\t\t<div class=\"elementor-widget-wrap elementor-element-populated\">\n\t\t\t\t\t\t<div class=\"elementor-element elementor-element-cdfbac9 elementor-widget elementor-widget-text-editor\" data-id=\"cdfbac9\" data-element_type=\"widget\" data-e-type=\"widget\" data-widget_type=\"text-editor.default\">\n\t\t\t\t<div class=\"elementor-widget-container\">\n\t\t\t\t\t\t\t\t\t<p style=\"text-align: center;\">Oststern ist im Handelsregister der Schweiz eingetragen als<\/p><p style=\"text-align: center;\"><strong>Oststern Trading GmbH<\/strong><br \/>Seewadelstr.05<br \/>8910 Affoltern am Albis<br \/>Schweiz | CH<\/p><p style=\"text-align: center;\">MwSt.-Nr.: CHE-198.370.314 MWST<br \/>HR-Nr.: CH-020.4.062.712-3<\/p><p style=\"text-align: center;\"><strong>Helpline Investorenanfrage:<\/strong><\/p><p style=\"text-align: center;\">Tel: +41 44 544 04 51<br \/>Email: trading@oststern.ch<\/p><p style=\"text-align: center;\"><strong>Anlegerbeziehungen:<\/strong><\/p><p style=\"text-align: center;\">Armin Behjati und Marcel Egli<\/p>\t\t\t\t\t\t\t\t<\/div>\n\t\t\t\t<\/div>\n\t\t\t\t<div class=\"elementor-element elementor-element-33bfb4b elementor-mobile-align-left elementor-widget elementor-widget-the7_button_widget\" data-id=\"33bfb4b\" data-element_type=\"widget\" data-e-type=\"widget\" data-widget_type=\"the7_button_widget.default\">\n\t\t\t\t<div class=\"elementor-widget-container\">\n\t\t\t\t\t<div class=\"elementor-button-wrapper\"><a href=\"http:\/\/oststern.ch\/pages\/services-full-width\/\" class=\"box-button elementor-button elementor-size-md\">More about our services<i aria-hidden=\"true\" class=\"elementor-button-icon the7bootstrap- the7-bootstrap-arrow-right-short\"><\/i><\/a><\/div>\t\t\t\t<\/div>\n\t\t\t\t<\/div>\n\t\t\t\t\t<\/div>\n\t\t<\/div>\n\t\t\t\t\t<\/div>\n\t\t<\/section>\n\t\t\t\t\t<\/div>\n\t\t<\/div>\n\t\t\t\t\t<\/div>\n\t\t<\/section>\n\t\t\t\t<\/div>\n\t\t","protected":false},"excerpt":{"rendered":"<p>Investment Investitionen, die Sie wachsen lassen Warum sollte man \u00fcberhaupt investieren? Die durchschnittliche Inflationsrate f\u00fcr Konsum in der Schweiz betrug im Jahr 2020 ungef\u00e4hr 0,7%. Das bedeutet, dass der Wert des Geldes jedes Jahr um durchschnittlich fast 0,7% abgenommen hat. Wer sein Geld nicht investiert, verliert deswegen jedes Jahr effektiv an Verm\u00f6gen. Wer nicht m\u00f6chte,&hellip;<\/p>\n","protected":false},"author":2,"featured_media":0,"parent":78672,"menu_order":0,"comment_status":"closed","ping_status":"closed","template":"elementor_header_footer","meta":{"footnotes":""},"class_list":["post-78808","page","type-page","status-publish","hentry"],"_links":{"self":[{"href":"https:\/\/oststern.ch\/en\/wp-json\/wp\/v2\/pages\/78808","targetHints":{"allow":["GET"]}}],"collection":[{"href":"https:\/\/oststern.ch\/en\/wp-json\/wp\/v2\/pages"}],"about":[{"href":"https:\/\/oststern.ch\/en\/wp-json\/wp\/v2\/types\/page"}],"author":[{"embeddable":true,"href":"https:\/\/oststern.ch\/en\/wp-json\/wp\/v2\/users\/2"}],"replies":[{"embeddable":true,"href":"https:\/\/oststern.ch\/en\/wp-json\/wp\/v2\/comments?post=78808"}],"version-history":[{"count":1,"href":"https:\/\/oststern.ch\/en\/wp-json\/wp\/v2\/pages\/78808\/revisions"}],"predecessor-version":[{"id":78809,"href":"https:\/\/oststern.ch\/en\/wp-json\/wp\/v2\/pages\/78808\/revisions\/78809"}],"up":[{"embeddable":true,"href":"https:\/\/oststern.ch\/en\/wp-json\/wp\/v2\/pages\/78672"}],"wp:attachment":[{"href":"https:\/\/oststern.ch\/en\/wp-json\/wp\/v2\/media?parent=78808"}],"curies":[{"name":"wp","href":"https:\/\/api.w.org\/{rel}","templated":true}]}}