{"id":78805,"date":"2022-06-14T21:26:39","date_gmt":"2022-06-14T19:26:39","guid":{"rendered":"https:\/\/oststern.ch\/company\/impressum\/"},"modified":"2023-11-01T11:52:30","modified_gmt":"2023-11-01T10:52:30","slug":"impressum-disclaimer","status":"publish","type":"page","link":"https:\/\/oststern.ch\/en\/company\/impressum-disclaimer\/","title":{"rendered":"Impressum-Disclaimer"},"content":{"rendered":"\t\t<div data-elementor-type=\"wp-page\" data-elementor-id=\"78805\" class=\"elementor elementor-78805 elementor-78017\">\n\t\t\t\t\t\t<section class=\"elementor-section elementor-top-section elementor-element elementor-element-2a32bd7 elementor-section-height-min-height elementor-section-boxed elementor-section-height-default elementor-section-items-middle\" data-id=\"2a32bd7\" data-element_type=\"section\" data-e-type=\"section\" data-settings=\"{&quot;background_background&quot;:&quot;video&quot;,&quot;background_video_link&quot;:&quot;https:\\\/\\\/oststern.ch\\\/wp-content\\\/uploads\\\/2022\\\/06\\\/security.mp4&quot;,&quot;background_play_on_mobile&quot;:&quot;yes&quot;}\">\n\t\t\t\t\t\t\t\t<div class=\"elementor-background-video-container\">\n\t\t\t\t\t\t\t\t\t\t\t\t\t<video class=\"elementor-background-video-hosted\" role=\"presentation\" autoplay muted playsinline loop><\/video>\n\t\t\t\t\t\t\t\t\t\t\t<\/div>\n\t\t\t\t\t\t\t\t\t<div class=\"elementor-background-overlay\"><\/div>\n\t\t\t\t\t\t\t<div class=\"elementor-container elementor-column-gap-wider\">\n\t\t\t\t\t<div class=\"elementor-column elementor-col-100 elementor-top-column elementor-element elementor-element-6f0ba52\" data-id=\"6f0ba52\" data-element_type=\"column\" data-e-type=\"column\">\n\t\t\t<div class=\"elementor-widget-wrap elementor-element-populated\">\n\t\t\t\t\t\t<div class=\"elementor-element elementor-element-e1ad574 elementor-widget__width-auto elementor-widget elementor-widget-heading\" data-id=\"e1ad574\" data-element_type=\"widget\" data-e-type=\"widget\" data-widget_type=\"heading.default\">\n\t\t\t\t<div class=\"elementor-widget-container\">\n\t\t\t\t\t<h2 class=\"elementor-heading-title elementor-size-default\">Impressum &amp; Disclaimer<\/h2>\t\t\t\t<\/div>\n\t\t\t\t<\/div>\n\t\t\t\t<div class=\"elementor-element elementor-element-43d1639 elementor-widget elementor-widget-spacer\" data-id=\"43d1639\" data-element_type=\"widget\" data-e-type=\"widget\" data-widget_type=\"spacer.default\">\n\t\t\t\t<div class=\"elementor-widget-container\">\n\t\t\t\t\t\t\t<div class=\"elementor-spacer\">\n\t\t\t<div class=\"elementor-spacer-inner\"><\/div>\n\t\t<\/div>\n\t\t\t\t\t\t<\/div>\n\t\t\t\t<\/div>\n\t\t\t\t<div class=\"elementor-element elementor-element-42e24dc elementor-headline--style-highlight elementor-widget elementor-widget-animated-headline\" data-id=\"42e24dc\" data-element_type=\"widget\" data-e-type=\"widget\" data-settings=\"{&quot;highlighted_text&quot;:&quot;Privatsph\\u00e4re&quot;,&quot;marker&quot;:&quot;underline_zigzag&quot;,&quot;headline_style&quot;:&quot;highlight&quot;,&quot;loop&quot;:&quot;yes&quot;,&quot;highlight_animation_duration&quot;:1200,&quot;highlight_iteration_delay&quot;:8000}\" data-widget_type=\"animated-headline.default\">\n\t\t\t\t<div class=\"elementor-widget-container\">\n\t\t\t\t\t\t\t<h1 class=\"elementor-headline\">\n\t\t\t\t\t<span class=\"elementor-headline-plain-text elementor-headline-text-wrapper\">Der Schutz Ihrer <\/span>\n\t\t\t\t<span class=\"elementor-headline-dynamic-wrapper elementor-headline-text-wrapper\">\n\t\t\t\t\t<span class=\"elementor-headline-dynamic-text elementor-headline-text-active\">Privatsph\u00e4re<\/span>\n\t\t\t\t<\/span>\n\t\t\t\t\t<span class=\"elementor-headline-plain-text elementor-headline-text-wrapper\">ist f\u00fcr uns sehr wichtig. <\/span>\n\t\t\t\t\t<\/h1>\n\t\t\t\t\t\t<\/div>\n\t\t\t\t<\/div>\n\t\t\t\t\t<\/div>\n\t\t<\/div>\n\t\t\t\t\t<\/div>\n\t\t<\/section>\n\t\t\t\t<section class=\"elementor-section elementor-top-section elementor-element elementor-element-f1b2e1d elementor-section-full_width elementor-section-height-min-height elementor-section-items-stretch elementor-section-content-middle elementor-section-height-default\" data-id=\"f1b2e1d\" data-element_type=\"section\" data-e-type=\"section\" data-settings=\"{&quot;background_background&quot;:&quot;classic&quot;}\">\n\t\t\t\t\t\t<div class=\"elementor-container elementor-column-gap-no\">\n\t\t\t\t\t<div class=\"elementor-column elementor-col-50 elementor-top-column elementor-element elementor-element-80de6ef\" data-id=\"80de6ef\" data-element_type=\"column\" data-e-type=\"column\">\n\t\t\t<div class=\"elementor-widget-wrap elementor-element-populated\">\n\t\t\t\t\t\t<section class=\"elementor-section elementor-inner-section elementor-element elementor-element-0326cae elementor-section-boxed elementor-section-height-default elementor-section-height-default\" data-id=\"0326cae\" data-element_type=\"section\" data-e-type=\"section\">\n\t\t\t\t\t\t<div class=\"elementor-container elementor-column-gap-wider\">\n\t\t\t\t\t<div class=\"elementor-column elementor-col-100 elementor-inner-column elementor-element elementor-element-cb149e9\" data-id=\"cb149e9\" data-element_type=\"column\" data-e-type=\"column\">\n\t\t\t<div class=\"elementor-widget-wrap elementor-element-populated\">\n\t\t\t\t\t\t<div class=\"elementor-element elementor-element-cb9df20 elementor-widget elementor-widget-text-editor\" data-id=\"cb9df20\" data-element_type=\"widget\" data-e-type=\"widget\" data-widget_type=\"text-editor.default\">\n\t\t\t\t<div class=\"elementor-widget-container\">\n\t\t\t\t\t\t\t\t\t<p><strong>Autor &amp; Herausgeber<\/strong><\/p><p>Oststern Trading GmbH<br \/>Seewadelstrasse 5<br \/>8910 Affoltern am Albis<br \/>CH &#8211; Switzerland<\/p><p>Tel: +41 44 544 00 51<br \/>info@oststern.ch<br \/>www.oststern.ch<br \/>www.importexpert.ch<\/p><p><strong>Inhaber<\/strong><\/p><p>Behjati Ramin, Behjati Armin<\/p><p><strong>Vertretungsberechtigter Gesch\u00e4ftsf\u00fchrer<\/strong><\/p><p>Behjati Ramin, Behjati Armin<\/p><p><strong>Registerierungsort<\/strong><\/p><p>Z\u00fcrich Schweiz CH<br \/>Handelsregister-Nr.: CH-020.4.062.712-3<br \/>UID: CHE-198.370.314<\/p><p><strong>Bankverbindung<\/strong><\/p><p>Oststern Trading GmbH<br \/>PostFinance<br \/>Konto-Nr.: 15-36985-8<br \/>BIC: POFICHBEXXX<br \/>IBAN: CH15 0900 0000 1503 6985 8<\/p>\t\t\t\t\t\t\t\t<\/div>\n\t\t\t\t<\/div>\n\t\t\t\t<div class=\"elementor-element elementor-element-3988a72 elementor-mobile-align-left elementor-widget elementor-widget-the7_button_widget\" data-id=\"3988a72\" data-element_type=\"widget\" data-e-type=\"widget\" data-widget_type=\"the7_button_widget.default\">\n\t\t\t\t<div class=\"elementor-widget-container\">\n\t\t\t\t\t<div class=\"elementor-button-wrapper\"><a href=\"http:\/\/oststern.ch\/pages\/services-full-width\/\" class=\"box-button elementor-button elementor-size-md\">More about our services<i aria-hidden=\"true\" class=\"elementor-button-icon the7bootstrap- the7-bootstrap-arrow-right-short\"><\/i><\/a><\/div>\t\t\t\t<\/div>\n\t\t\t\t<\/div>\n\t\t\t\t\t<\/div>\n\t\t<\/div>\n\t\t\t\t\t<\/div>\n\t\t<\/section>\n\t\t\t\t\t<\/div>\n\t\t<\/div>\n\t\t\t\t<div class=\"elementor-column elementor-col-50 elementor-top-column elementor-element elementor-element-bb58c90\" data-id=\"bb58c90\" data-element_type=\"column\" data-e-type=\"column\" data-settings=\"{&quot;background_background&quot;:&quot;classic&quot;}\">\n\t\t\t<div class=\"elementor-widget-wrap elementor-element-populated\">\n\t\t\t\t\t\t<div class=\"elementor-element elementor-element-d764b3c elementor-widget elementor-widget-spacer\" data-id=\"d764b3c\" data-element_type=\"widget\" data-e-type=\"widget\" data-widget_type=\"spacer.default\">\n\t\t\t\t<div class=\"elementor-widget-container\">\n\t\t\t\t\t\t\t<div class=\"elementor-spacer\">\n\t\t\t<div class=\"elementor-spacer-inner\"><\/div>\n\t\t<\/div>\n\t\t\t\t\t\t<\/div>\n\t\t\t\t<\/div>\n\t\t\t\t\t<\/div>\n\t\t<\/div>\n\t\t\t\t\t<\/div>\n\t\t<\/section>\n\t\t\t\t<section class=\"elementor-section elementor-top-section elementor-element elementor-element-fd76e85 elementor-section-boxed elementor-section-height-default elementor-section-height-default\" data-id=\"fd76e85\" data-element_type=\"section\" data-e-type=\"section\">\n\t\t\t\t\t\t<div class=\"elementor-container elementor-column-gap-default\">\n\t\t\t\t\t<div class=\"elementor-column elementor-col-100 elementor-top-column elementor-element elementor-element-f5df55e\" data-id=\"f5df55e\" data-element_type=\"column\" data-e-type=\"column\">\n\t\t\t<div class=\"elementor-widget-wrap elementor-element-populated\">\n\t\t\t\t\t\t<div class=\"elementor-element elementor-element-fe681be elementor-widget elementor-widget-text-editor\" data-id=\"fe681be\" data-element_type=\"widget\" data-e-type=\"widget\" data-widget_type=\"text-editor.default\">\n\t\t\t\t<div class=\"elementor-widget-container\">\n\t\t\t\t\t\t\t\t\t<p>Der Schutz Ihrer Privatsph\u00e4re ist f\u00fcr uns sehr wichtig. Nachstehend informieren wir Sie ausf\u00fchrlich \u00fcber den Umgang mit Ihren Daten.\u00a0Zum Datenschutz gelten die Regelungen unserer Datenschutzerkl\u00e4rung, die integrierender Bestandteil dieser AGB bilden.\u00a0<\/p><p><strong>Betroffenenrechte<\/strong><br \/>Sie haben ein Recht auf unentgeltliche Auskunft \u00fcber die bei uns zu Ihrer Person gespeicherten Daten sowie ggf. ein Recht auf Berichtigung, Einschr\u00e4nkung der Verarbeitung, auf Daten\u00fcbertragbarkeit oder L\u00f6schung dieser Daten. Bei Fragen zur Erhebung, Verarbeitung oder Nutzung Ihrer personenbezogenen Daten, bei Ausk\u00fcnften, Berichtigung, Sperrung oder L\u00f6schung von Daten sowie Wiederruf erteilter Einwilligungen oder Widerspruch gegen eine bestimmte Datenverwendung wenden Sie sich bitte direkt an uns \u00fcber die Kontaktdaten in unserem Impressum. Daneben haben Sie ein Beschwerderecht bei der zust\u00e4ndigen Datenschutz-Aufsichtsbeh\u00f6rde.\u00a0<\/p><p><strong>Inhalt<\/strong><br \/>Der Autor \u00fcbernimmt keine Gew\u00e4hr f\u00fcr die Aktualit\u00e4t, Korrektheit und Vollst\u00e4ndigkeit der auf diesen Seiten bereitgestellten Informationen. Grunds\u00e4tzlich ausgeschlossen werden Haftungsanspr\u00fcche gegen den Autor dieser Seiten, die sich auf Sch\u00e4den materieller oder ideeller Art beziehen und durch die Nutzung oder Nichtnutzung der bereitgestellten Informationen bzw. falscher und unvollst\u00e4ndiger Informationen verursacht worden sind, sofern von Seiten des Autors kein nachweisbares vors\u00e4tzliches oder grob fahrl\u00e4ssiges Verschulden vorliegt. Alle Angebote sind frei und unverbindlich. Der Autor beh\u00e4lt es sich ausdr\u00fccklich vor, Teile seiner Seiten oder das gesamte Angebot ohne besondere Ank\u00fcndigung zu \u00e4ndern, zu erg\u00e4nzen, zu entfernen oder die Ver\u00f6ffentlichung zeitweise oder ganz einzustellen.<\/p><p><strong>Verweise und Hyperlinks<\/strong><br \/>Eine Haftungsverpflichtung bei direkten oder indirekten Verweisen auf fremde Internetseiten (\u00abLinks\u00bb), die nicht innerhalb des Verantwortungsbereiches des Autors liegen, w\u00fcrde ausschliesslich in Kraft treten, wenn der Autor Kenntnis von den Inhalten hat und es technisch realisierbar und zumutbar w\u00e4re, die Nutzung im Falle von rechtswidrigen Inhalten zu verhindern. Hiermit wird ausdr\u00fccklich vom Autor erkl\u00e4rt, dass zum Zeitpunkt der Linksetzung auf den zu verlinkenden Seiten keinerlei illegale Inhalte erkennbar waren. Der Autor verf\u00fcgt \u00fcber keinerlei Einfluss auf das aktuelle oder zuk\u00fcnftige Design, die dargestellten Inhalte oder die Urheberschaft der verlinkten Seiten.<\/p><p>Aus diesem Grund distanziert sich der Autor von jeglichen Inhalten der verlinkten Seiten, die nach der Linksetzung ver\u00e4ndert wurden. Diese Aussage beh\u00e4lt ihre G\u00fcltigkeit f\u00fcr alle innerhalb des eigenen Internetangebotes gesetzten Links und Verweise sowie f\u00fcr externe Eintr\u00e4ge in vom Autor eingerichteten G\u00e4steb\u00fcchern und Mailinglisten. F\u00fcr alle illegalen, falschen oder nicht vollst\u00e4ndigen Inhalte und besonders f\u00fcr m\u00f6gliche Sch\u00e4den, die nach der Nutzung oder Nichtnutzung derlei angebotener Informationen entstehen, liegt die Haftung allein beim Anbieter der Seite, auf die verwiesen wurde.<\/p><p><strong>Urheber- und Kennzeichenrecht<\/strong><br \/>Der Autor achtet darauf, dass in allen Ver\u00f6ffentlichungen die Urheberrechte der verwendeten Bilder, Sounds, Videoszenen und Texte beachtet werden, selbst erstellte Bilder, Sounds, Videoszenen und Texte genutzt werden oder dass auf lizenzfreie Bilder, Sounds, Videoszenen und Texte zur\u00fcckgegriffen wird. Werden innerhalb des Internetangebotes gesch\u00fctzten Marken- und Warenzeichen genutzt oder ggf. durch Dritte genannt, unterliegen diese ohne Ausnahme den Bestimmungen des jeweils g\u00fcltigen Kennzeichenrechts und den Besitzrechten der jeweiligen eingetragenen Eigent\u00fcmer. Aufgrund der alleinigen Nennung kann nicht der Schluss gezogen werden, dass diese Markenzeichen nicht durch die Rechte Dritter gesch\u00fctzt werden! Das Urheberrecht f\u00fcr ver\u00f6ffentlichte und selbst erarbeitete Objekte bleibt allein beim Autor der Seite. Die Vervielf\u00e4ltigung und die Verwendung dieser Bilder, Sounds, Videoszenen und Texte in anderen elektronischen oder gedruckten Publikationen ist ohne die ausdr\u00fcckliche Zustimmung des Autors nicht gestattet.<\/p><p><strong>Newsletter Anmeldung<\/strong><strong><br \/><\/strong>Wenn Sie sich zu unserem Newsletter anmelden, verwenden wir die von Ihnen mitgeteilten Daten, um Ihnen den Newsletter zuzusenden. Diese Einwilligung k\u00f6nnen Sie jederzeit mit Wirkung f\u00fcr die Zukunft widerrufen, indem Sie sich vom Newsletter abmelden. Speicherung von Kundendaten Eine ggf. erteilte Einwilligung in die Speicherung Ihrer Kundendaten k\u00f6nnen Sie jederzeit mit Wirkung f\u00fcr die Zukunft widerrufen.<\/p><p><strong>Newsletter Abmeldung<\/strong><strong><br \/><\/strong>\u00d6ffnen Sie den Newsletter. Runterscrollen. Den Abmeldelink \u201eAbmelden\u201c finden Sie am Ende der Mail. Klick es an. Geben Sie Ihre E-Mail-Adresse ein und best\u00e4tigen Sie es. Ihre Daten werden vollst\u00e4ndig aus unsere Datenbank gel\u00f6scht. Sie sollten dann keine Newsletter mehr erhalten.<\/p><p><strong>Cookies:<\/strong><br \/>Auf verschiedenen Seiten verwenden wir Cookies, um den Besuch unserer Website attraktiver zu gestalten und die Nutzung bestimmter Funktionen zu erm\u00f6glichen. Die meisten der von uns verwendeten Cookies werden nach Ende der Browser-Sitzung wieder von Ihrer Festplatte gel\u00f6scht (sog. Sitzungs- oder Session-Cookies). Andere Cookies verbleiben auf Ihrem Computer und erm\u00f6glichen uns, Sie bei Ihrem n\u00e4chsten Besuch wieder zu erkennen (sog. dauerhafte Cookies). Sie k\u00f6nnen die Speicherung von Cookies in Ihrem Browser verhindern. Bitte beachten Sie, dass Sie gewisse Funktionen unserer Website ohne Cookies nicht nutzen k\u00f6nnen. Bekanntgabe personenbezogener Daten an Dritte Ihre Daten werden an unsere Lieferunternehmen bekanntgegeben, soweit dies zur Lieferung der Waren notwendig ist. Zur Abwicklung der Zahlung geben wir Ihre Zahlungsdaten an unsere Hausbank weiter. Diese bearbeitet Ihre Daten nur in dem Umfang, in dem wir sie selbst bearbeiten d\u00fcrften. Dar\u00fcber hinaus werden Ihre pers\u00f6nlichen Daten nicht an Dritte bekanntgegeben.<br \/>Kundenbewertung:<br \/>Verfassen Sie f\u00fcr von uns angebotene Produkte eine Kundenbewertung, gew\u00e4hren Sie uns die ausschliessliche und unbeschr\u00e4nkte Lizenz zu deren weiteren Verwendung. Wir behalten uns vor, eine Kundenbewertung nicht oder nur f\u00fcr einen begrenzten Zeitraum, gek\u00fcrzt oder ge\u00e4ndert anzuzeigen oder wegzulassen.Kundenbewertungen geben ausschliesslich die Meinung der Kunden wieder und stimmen nicht unbedingt mit unserer Auffassung \u00fcberein.<\/p><p><strong>Web analysis with Google Analytics<\/strong><strong><br \/><\/strong>Diese Website benutzt Google Analytics, einen Webanalysedienst der Google Inc. (\u201eGoogle\u201c). Google Analytics verwendet sog. \u201eCookies\u201c, Textdateien, die auf Ihrem Computer gespeichert werden und die eine Analyse der Benutzung der Website durch Sie erm\u00f6glichen. Die durch den Cookie erzeugten Informationen \u00fcber Ihre Benutzung dieser Website werden in der Regel an einen Server von Google in den USA \u00fcbertragen und dort gespeichert. Im Falle der Aktivierung der IP Anonymisierung auf dieser Webseite, wird Ihre IP-Adresse von Google jedoch innerhalb von Mitgliedstaaten der Europ\u00e4ischen Union oder in anderen Vertragsstaaten des Abkommens \u00fcber den Europ\u00e4ischen Wirtschaftsraum zuvor gek\u00fcrzt. Nur in Ausnahmef\u00e4llen wird die volle IP-Adresse an einen Server von Google in den USA \u00fcbertragen und dort gek\u00fcrzt. Im Auftrag des Betreibers dieser Website wird Google diese Informationen benutzen, um Ihre Nutzung der Website auszuwerten, um Reports \u00fcber die Websiteaktivit\u00e4ten zusammenzustellen und um weitere mit der Websitenutzung und der Internetnutzung verbundene Dienstleistungen gegen\u00fcber dem Websitebetreiber zu erbringen. Die im Rahmen von Google Analytics von Ihrem Browser \u00fcbermittelte IP-Adresse wird nicht mit anderen Daten von Google zusammengef\u00fchrt. Sie k\u00f6nnen die Speicherung der Cookies durch eine entsprechende Einstellung Ihrer Browser-Software verhindern; wir weisen Sie jedoch darauf hin, dass Sie in diesem Fall gegebenenfalls nicht s\u00e4mtliche Funktionen dieser Website vollumf\u00e4nglich werden nutzen k\u00f6nnen. Sie k\u00f6nnen dar\u00fcber hinaus die Erfassung der durch das Cookie erzeugten und auf Ihre Nutzung der Website bezogenen Daten (inkl. Ihrer IP-Adresse) an Google sowie die Verarbeitung dieser Daten durch Google verhindern, indem Sie das unter dem folgenden Link verf\u00fcgbare Browser-Plugin herunterladen und installieren:\u00a0<a href=\"http:\/\/tools.google.com\/dlpage\/gaoptout?hl=de\" target=\"_blank\" rel=\"noopener\">http:\/\/tools.google.com\/dlpage\/gaoptout?hl=de<\/a><strong><br \/><\/strong><br \/><strong>Facebook social plugins<\/strong><br \/>Auf unserer Website werden sogenannte Social Plugins (\u201ePlugins\u201c) des sozialen Netzwerkes Facebook verwendet, das von der Facebook Inc., 1601 S. California Ave, Palo Alto, CA 94304, USA (\u201eFacebook\u201c) betrieben wird. Die Plugins sind mit einem Facebook-Logo oder dem Zusatz \u201eSoziales Plug-in von Facebook\u201c bzw. \u201eFacebook Social Plugin\u201c gekennzeichnet. Eine \u00dcbersicht \u00fcber die Facebook Plugins und deren Aussehen finden Sie hier: https:\/\/developers.facebook.com\/docs\/plugins Wenn Sie eine Seite unseres Webauftritts aufrufen, die ein solches Plugin enth\u00e4lt, stellt Ihr Browser eine direkte Verbindung zu den Servern von Facebook her. Der Inhalt des Plugins wird von Facebook direkt an Ihren Browser \u00fcbermittelt und in die Seite eingebunden. Durch diese Einbindung erh\u00e4lt Facebook die Information, dass Ihr Browser die entsprechende Seite unseres Webauftritts aufgerufen hat, auch wenn Sie kein Facebook-Profil besitzen oder gerade nicht bei Facebook eingeloggt sind. Diese Information (einschliesslich Ihrer IP-Adresse) wird von Ihrem Browser direkt an einen Server von Facebook in die USA \u00fcbermittelt und dort gespeichert. Sind Sie bei Facebook eingeloggt, kann Facebook den Besuch unserer Website Ihrem Facebook-Profil unmittelbar zuordnen. Wenn Sie mit den Plugins interagieren, zum Beispiel den \u201eGef\u00e4llt mir\u201c-Button bet\u00e4tigen oder einen Kommentar abgeben, wird diese Information ebenfalls direkt an einen Server von Facebook \u00fcbermittelt und dort gespeichert. Die Informationen werden ausserdem auf Ihrem Facebook-Profil ver\u00f6ffentlicht und Ihren Facebook-Freunden angezeigt. Zweck und Umfang der Datenerhebung und die weitere Verarbeitung und Nutzung der Daten durch Facebook sowie Ihre diesbez\u00fcglichen Rechte und Einstellungsm\u00f6glichkeiten zum Schutz Ihrer Privatsph\u00e4re entnehmen Sie bitte den Datenschutzhinweisen von Facebook: http:\/\/www.facebook.com\/policy.php Wenn Sie nicht m\u00f6chten, dass Facebook die \u00fcber unseren Webauftritt gesammelten Daten unmittelbar Ihrem Facebook-Profil zuordnet, m\u00fcssen Sie sich vor Ihrem Besuch unserer Website bei Facebook ausloggen. Sie k\u00f6nnen das Laden der Facebook Plugins auch mit Add-Ons f\u00fcr Ihren Browser komplett verhindern, z.B. mit dem \u201eFacebook Blocker\u201c (http:\/\/webgraph.com\/resources\/facebookblocker\/). Twitter Plugins (z.B. \u201eTwittern\u201c-Button) Auf unserer Website werden sogenannte Social Plugins (\u201ePlugins\u201c) des Mikroblogging-Dienstes Twitter verwendet, der von der Twitter Inc., 1355 Market St, Suite 900, San Francisco, CA 94103, USA (\u201eTwitter\u201c) betrieben wird. Die Plugins sind mit einem Twitter-Logo beispielsweise in Form eines blauen \u201eTwittervogels\u201c gekennzeichnet. Eine \u00dcbersicht \u00fcber die Twitter Plugins und deren Aussehen finden Sie hier: https:\/\/twitter.com\/about\/resources\/buttons Wenn Sie eine Seite unseres Webauftritts aufrufen, die ein solches Plugin enth\u00e4lt, stellt Ihr Browser eine direkte Verbindung zu den Servern von Twitter her. Der Inhalt des Plugins wird von Twitter direkt an Ihren Browser \u00fcbermittelt und in die Seite eingebunden. Durch die Einbindung erh\u00e4lt Twitter die Information, dass Ihr Browser die entsprechende Seite unseres Webauftritts aufgerufen hat, auch wenn Sie kein Profil bei Twitter besitzen oder gerade nicht bei Twitter eingeloggt sind. Diese Information (einschliesslich Ihrer IP-Adresse) wird von Ihrem Browser direkt an einen Server von Twitter in die USA \u00fcbermittelt und dort gespeichert. Sind Sie bei Twitter eingeloggt, kann Twitter den Besuch unserer Website Ihrem Twitter-Account unmittelbar zuordnen. Wenn Sie mit den Plugins interagieren, zum Beispiel den \u201eTwittern\u201c-Button bet\u00e4tigen, wird die entsprechende Information ebenfalls direkt an einen Server von Twitter \u00fcbermittelt und dort gespeichert. Die Informationen werden ausserdem auf Ihrem Twitter-Account ver\u00f6ffentlicht und dort Ihren Kontakten angezeigt. Zweck und Umfang der Datenerhebung und die weitere Verarbeitung und Nutzung der Daten durch Twitter sowie Ihre diesbez\u00fcglichen Rechte und Einstellungsm\u00f6glichkeiten zum Schutz Ihrer Privatsph\u00e4re entnehmen Sie bitte den Datenschutzhinweisen von Twitter: https:\/\/twitter.com\/privacy Wenn Sie nicht m\u00f6chten, dass Twitter die \u00fcber unseren Webauftritt gesammelten Daten unmittelbar Ihrem Twitter-Account zuordnet, m\u00fcssen Sie sich vor Ihrem Besuch unserer Website bei Twitter ausloggen.<\/p><p><strong>Disclaimer<\/strong><strong><br \/><\/strong>Oststern Trading GmbH haftet bei einer Verletzung von vertraglichen und ausservertraglichen Pflichten nur f\u00fcr Sch\u00e4den, die auf ein vors\u00e4tzliches oder grob fahrl\u00e4ssiges Verhalten zur\u00fcckzuf\u00fchren sind, es sei denn, es handelt sich um eine Verletzung von Leben, K\u00f6rper und Gesundheit oder um die Verletzung wesentlicher Vertragspflichten (Kardinalpflichten). Im Falle Letztgenannter begrenzt sich die Haftung von Oststern Trading GmbH auf den Ersatz von vorhersehbaren, typischerweise eintretenden Sch\u00e4den. Die Haftungsbeschr\u00e4nkungen gelten nicht, falls Oststern Trading GmbH einen Mangel arglistig verschwiegen oder eine ausdr\u00fcckliche Garantie f\u00fcr die Beschaffenheit der Ware \u00fcbernommen hat. Anspr\u00fcche f\u00fcr eine Haftung aufgrund des Produkthaftungsgesetzes bleiben unber\u00fchrt. Die Regelungen des oberen Absatzes gelten sinngem\u00e4ss auch zugunsten der gesetzlichen Vertreter, leitenden Angestellten und Erf\u00fcllungsgehilfen von Oststern Trading GmbH.\u00a0Oststern Trading GmbH ist nicht Hersteller der angebotenen Waren, es sei denn, dies wird ausdr\u00fccklich angegeben. Die Produktverpackung und zugeh\u00f6rigen Dokumente enthalten m\u00f6glicherweise Angaben, die \u00fcber die auf unserer Internetseite gemachten Angaben hinausgehen und\/oder sich von ihnen unterscheiden. Wir m\u00f6chten Sie daher aufmerksam machen, sich nicht allein auf die Angaben zu verlassen, die auf unserer Internetseite angezeigt werden, sondern sich vor Gebrauch der Ware stets auch sorgf\u00e4ltig die Etiketten, Warnhinweise und Anleitungen durchzulesen, die mit der Ware geliefert werden.<\/p>\t\t\t\t\t\t\t\t<\/div>\n\t\t\t\t<\/div>\n\t\t\t\t\t<\/div>\n\t\t<\/div>\n\t\t\t\t\t<\/div>\n\t\t<\/section>\n\t\t\t\t<\/div>\n\t\t","protected":false},"excerpt":{"rendered":"<p>Impressum &amp; Disclaimer Der Schutz Ihrer Privatsph\u00e4re ist f\u00fcr uns sehr wichtig. Autor &amp; Herausgeber Oststern Trading GmbH Seewadelstrasse 5 8910 Affoltern am Albis CH &#8211; Switzerland Tel: +41 44 544 00 51 info@oststern.ch www.oststern.ch www.importexpert.ch Inhaber Behjati Ramin, Behjati Armin Vertretungsberechtigter Gesch\u00e4ftsf\u00fchrer Behjati Ramin, Behjati Armin Registerierungsort Z\u00fcrich Schweiz CH Handelsregister-Nr.: CH-020.4.062.712-3 UID: CHE-198.370.314&hellip;<\/p>\n","protected":false},"author":2,"featured_media":0,"parent":78672,"menu_order":0,"comment_status":"closed","ping_status":"closed","template":"elementor_header_footer","meta":{"footnotes":""},"class_list":["post-78805","page","type-page","status-publish","hentry"],"_links":{"self":[{"href":"https:\/\/oststern.ch\/en\/wp-json\/wp\/v2\/pages\/78805","targetHints":{"allow":["GET"]}}],"collection":[{"href":"https:\/\/oststern.ch\/en\/wp-json\/wp\/v2\/pages"}],"about":[{"href":"https:\/\/oststern.ch\/en\/wp-json\/wp\/v2\/types\/page"}],"author":[{"embeddable":true,"href":"https:\/\/oststern.ch\/en\/wp-json\/wp\/v2\/users\/2"}],"replies":[{"embeddable":true,"href":"https:\/\/oststern.ch\/en\/wp-json\/wp\/v2\/comments?post=78805"}],"version-history":[{"count":1,"href":"https:\/\/oststern.ch\/en\/wp-json\/wp\/v2\/pages\/78805\/revisions"}],"predecessor-version":[{"id":78806,"href":"https:\/\/oststern.ch\/en\/wp-json\/wp\/v2\/pages\/78805\/revisions\/78806"}],"up":[{"embeddable":true,"href":"https:\/\/oststern.ch\/en\/wp-json\/wp\/v2\/pages\/78672"}],"wp:attachment":[{"href":"https:\/\/oststern.ch\/en\/wp-json\/wp\/v2\/media?parent=78805"}],"curies":[{"name":"wp","href":"https:\/\/api.w.org\/{rel}","templated":true}]}}